{"id":374,"date":"2021-05-19T13:08:30","date_gmt":"2021-05-19T18:08:30","guid":{"rendered":"https:\/\/maria-adelita.com\/index.php\/vanilla\/"},"modified":"2021-08-16T12:10:41","modified_gmt":"2021-08-16T17:10:41","slug":"vanilla-de-papantla","status":"publish","type":"page","link":"https:\/\/maria-adelita.com\/index.php\/vanilla-de-papantla\/?lang=es","title":{"rendered":"Vainilla de Papantla"},"content":{"rendered":"","protected":false},"excerpt":{"rendered":"<p>Mar\u00eda Adelita produce cosechas de Vainilla de Papantla con denominaci\u00f3n de origen con diferentes caracter\u00edsticas de acuerdo a las necesidades del mercado.<\/p>\n","protected":false},"author":1,"featured_media":0,"parent":0,"menu_order":0,"comment_status":"closed","ping_status":"closed","template":"","meta":{"om_disable_all_campaigns":false,"_monsterinsights_skip_tracking":false,"_monsterinsights_sitenote_active":false,"_monsterinsights_sitenote_note":"","_monsterinsights_sitenote_category":0},"_links":{"self":[{"href":"https:\/\/maria-adelita.com\/index.php\/wp-json\/wp\/v2\/pages\/374"}],"collection":[{"href":"https:\/\/maria-adelita.com\/index.php\/wp-json\/wp\/v2\/pages"}],"about":[{"href":"https:\/\/maria-adelita.com\/index.php\/wp-json\/wp\/v2\/types\/page"}],"author":[{"embeddable":true,"href":"https:\/\/maria-adelita.com\/index.php\/wp-json\/wp\/v2\/users\/1"}],"replies":[{"embeddable":true,"href":"https:\/\/maria-adelita.com\/index.php\/wp-json\/wp\/v2\/comments?post=374"}],"version-history":[{"count":7,"href":"https:\/\/maria-adelita.com\/index.php\/wp-json\/wp\/v2\/pages\/374\/revisions"}],"predecessor-version":[{"id":453,"href":"https:\/\/maria-adelita.com\/index.php\/wp-json\/wp\/v2\/pages\/374\/revisions\/453"}],"wp:attachment":[{"href":"https:\/\/maria-adelita.com\/index.php\/wp-json\/wp\/v2\/media?parent=374"}],"curies":[{"name":"wp","href":"https:\/\/api.w.org\/{rel}","templated":true}]}}